{"id":23188,"date":"2024-02-22T20:50:42","date_gmt":"2024-02-22T23:50:42","guid":{"rendered":"https:\/\/www.brilholux.com.br\/?post_type=product&#038;p=23188"},"modified":"2025-07-03T02:14:43","modified_gmt":"2025-07-03T05:14:43","slug":"soquete-para-lampada-t8-120cm","status":"publish","type":"product","link":"https:\/\/www.brilholux.com.br\/en\/produtos\/soquete-para-lampada-t8-120cm\/","title":{"rendered":"Soquete Para L\u00e2mpada T8 &#8211; 120cm"},"content":{"rendered":"<p>O <strong>Soquete LED T8<\/strong> \u00e9 uma solu\u00e7\u00e3o inovadora de ilumina\u00e7\u00e3o que incorpora a tecnologia de LED diretamente ao soquete da l\u00e2mpada. Essa tecnologia revolucion\u00e1ria oferece uma s\u00e9rie de benef\u00edcios. Desde maior efici\u00eancia energ\u00e9tica at\u00e9 uma vida \u00fatil mais longa, os soquetes LED s\u00e3o ideais para uma variedade de ambientes, desde resid\u00eancias at\u00e9 espa\u00e7os comerciais. Sua versatilidade e durabilidade fazem deles uma escolha popular para quem busca efici\u00eancia e economia a longo prazo.<\/p>\n<p>Com sua capacidade de fornecer uma ilumina\u00e7\u00e3o brilhante e uniforme, os soquetes LED s\u00e3o ideais para uma variedade de ambientes. Al\u00e9m disso, sua instala\u00e7\u00e3o \u00e9 simples e requer manuten\u00e7\u00e3o m\u00ednima, tornando-os uma escolha conveniente para qualquer pessoa que deseje atualizar sua ilumina\u00e7\u00e3o.<\/p>\n<p>O modelo de <strong>Soquete LED T8<\/strong>\u00a0\u00e9 usado para permitir a conex\u00e3o de l\u00e2mpadas com encaixe <strong>T8<\/strong>\u00a0em lumin\u00e1rias ou sistemas de ilumina\u00e7\u00e3o que requerem um comprimento extra de fio para alcan\u00e7ar a fonte de energia. O <strong>Soquete para L\u00e2mpada T8<\/strong>\u00a0\u00e9 essencial para permitir o funcionamento das l\u00e2mpadas fluorescentes compactas <strong>T8<\/strong>, fornecendo-lhes a energia el\u00e9trica necess\u00e1ria para iluminar espa\u00e7os comerciais, industriais ou residenciais..<\/p>\n<p>Portanto, fa\u00e7a a transi\u00e7\u00e3o para o <strong>Soquete LED<\/strong> hoje e experimente os benef\u00edcios de uma ilumina\u00e7\u00e3o moderna, eficiente e sustent\u00e1vel aqui na <a href=\"https:\/\/www.brilholux.com.br\/en\/\"><strong>Brilho<span style=\"color: #ffcc00;\">Lux<\/span><\/strong>.<\/a><\/p>","protected":false},"excerpt":{"rendered":"<p>O Soquete LED T8 \u00e9 uma solu\u00e7\u00e3o inovadora de ilumina\u00e7\u00e3o que incorpora a tecnologia de LED diretamente ao soquete da l\u00e2mpada. Essa tecnologia revolucion\u00e1ria oferece uma s\u00e9rie de benef\u00edcios. Desde maior efici\u00eancia energ\u00e9tica at\u00e9 uma vida \u00fatil mais longa, os soquetes LED s\u00e3o ideais para uma variedade de ambientes, desde resid\u00eancias at\u00e9 espa\u00e7os comerciais. Sua&#8230;<\/p>","protected":false},"featured_media":23190,"comment_status":"open","ping_status":"closed","template":"","meta":{"_eb_attr":"","_bst_post_transparent":"","_bst_post_title":"","_bst_post_layout":"","_bst_post_sidebar_id":"","_bst_post_content_style":"","_bst_post_vertical_padding":"","_bst_post_feature":"","_bst_post_feature_position":"","_bst_post_header":false,"_bst_post_footer":false},"product_brand":[],"product_cat":[107,148],"product_tag":[],"class_list":{"0":"post-23188","1":"product","2":"type-product","3":"status-publish","4":"has-post-thumbnail","6":"product_cat-acessorios","7":"product_cat-soquete-led","9":"first","10":"instock","11":"shipping-taxable","12":"purchasable","13":"product-type-simple","14":"entry","15":"content-bg","16":"loop-entry"},"yoast_head":"<!-- This site is optimized with the Yoast SEO plugin v27.3 - https:\/\/yoast.com\/product\/yoast-seo-wordpress\/ -->\n<title>Soquete Led Para L\u00e2mpada T8 - 120cm - BrilhoLux<\/title>\n<meta name=\"description\" content=\"Descubra a efici\u00eancia e versatilidade do Soquete LED T8 120cm. Ilumine seus ambientes com tecnologia moderna e sustent\u00e1vel. Adquira j\u00e1 na BrilhoLux!\" \/>\n<meta name=\"robots\" content=\"index, follow, max-snippet:-1, max-image-preview:large, max-video-preview:-1\" \/>\n<link rel=\"canonical\" href=\"https:\/\/www.brilholux.com.br\/en\/produtos\/soquete-para-lampada-t8-120cm\/\" \/>\n<meta property=\"og:locale\" content=\"en_US\" \/>\n<meta property=\"og:type\" content=\"article\" \/>\n<meta property=\"og:title\" content=\"Soquete Led Para L\u00e2mpada T8 - 120cm - BrilhoLux\" \/>\n<meta property=\"og:description\" content=\"Descubra a efici\u00eancia e versatilidade do Soquete LED T8 120cm. Ilumine seus ambientes com tecnologia moderna e sustent\u00e1vel. Adquira j\u00e1 na BrilhoLux!\" \/>\n<meta property=\"og:url\" content=\"https:\/\/www.brilholux.com.br\/en\/produtos\/soquete-para-lampada-t8-120cm\/\" \/>\n<meta property=\"og:site_name\" content=\"BrilhoLux\" \/>\n<meta property=\"article:modified_time\" content=\"2025-07-03T05:14:43+00:00\" \/>\n<meta property=\"og:image\" content=\"https:\/\/www.brilholux.com.br\/wp-content\/uploads\/2024\/02\/Soquete-Para-Lampada-T8-120cm-2.jpg\" \/>\n\t<meta property=\"og:image:width\" content=\"870\" \/>\n\t<meta property=\"og:image:height\" content=\"1131\" \/>\n\t<meta property=\"og:image:type\" content=\"image\/jpeg\" \/>\n<meta name=\"twitter:card\" content=\"summary_large_image\" \/>\n<meta name=\"twitter:label1\" content=\"Est. reading time\" \/>\n\t<meta name=\"twitter:data1\" content=\"2 minutes\" \/>\n<script type=\"application\/ld+json\" class=\"yoast-schema-graph\">{\"@context\":\"https:\\\/\\\/schema.org\",\"@graph\":[{\"@type\":\"WebPage\",\"@id\":\"https:\\\/\\\/www.brilholux.com.br\\\/produtos\\\/soquete-para-lampada-t8-120cm\\\/\",\"url\":\"https:\\\/\\\/www.brilholux.com.br\\\/produtos\\\/soquete-para-lampada-t8-120cm\\\/\",\"name\":\"Soquete Led Para L\u00e2mpada T8 - 120cm - BrilhoLux\",\"isPartOf\":{\"@id\":\"https:\\\/\\\/www.brilholux.com.br\\\/#website\"},\"primaryImageOfPage\":{\"@id\":\"https:\\\/\\\/www.brilholux.com.br\\\/produtos\\\/soquete-para-lampada-t8-120cm\\\/#primaryimage\"},\"image\":{\"@id\":\"https:\\\/\\\/www.brilholux.com.br\\\/produtos\\\/soquete-para-lampada-t8-120cm\\\/#primaryimage\"},\"thumbnailUrl\":\"https:\\\/\\\/www.brilholux.com.br\\\/wp-content\\\/uploads\\\/2024\\\/02\\\/Soquete-Para-Lampada-T8-120cm-2.jpg\",\"datePublished\":\"2024-02-22T23:50:42+00:00\",\"dateModified\":\"2025-07-03T05:14:43+00:00\",\"description\":\"Descubra a efici\u00eancia e versatilidade do Soquete LED T8 120cm. Ilumine seus ambientes com tecnologia moderna e sustent\u00e1vel. Adquira j\u00e1 na BrilhoLux!\",\"breadcrumb\":{\"@id\":\"https:\\\/\\\/www.brilholux.com.br\\\/produtos\\\/soquete-para-lampada-t8-120cm\\\/#breadcrumb\"},\"inLanguage\":\"en-US\",\"potentialAction\":[{\"@type\":\"ReadAction\",\"target\":[\"https:\\\/\\\/www.brilholux.com.br\\\/produtos\\\/soquete-para-lampada-t8-120cm\\\/\"]}]},{\"@type\":\"ImageObject\",\"inLanguage\":\"en-US\",\"@id\":\"https:\\\/\\\/www.brilholux.com.br\\\/produtos\\\/soquete-para-lampada-t8-120cm\\\/#primaryimage\",\"url\":\"https:\\\/\\\/www.brilholux.com.br\\\/wp-content\\\/uploads\\\/2024\\\/02\\\/Soquete-Para-Lampada-T8-120cm-2.jpg\",\"contentUrl\":\"https:\\\/\\\/www.brilholux.com.br\\\/wp-content\\\/uploads\\\/2024\\\/02\\\/Soquete-Para-Lampada-T8-120cm-2.jpg\",\"width\":870,\"height\":1131,\"caption\":\"Soquete Para L\u00e2mpada T8 - 120cm\"},{\"@type\":\"BreadcrumbList\",\"@id\":\"https:\\\/\\\/www.brilholux.com.br\\\/produtos\\\/soquete-para-lampada-t8-120cm\\\/#breadcrumb\",\"itemListElement\":[{\"@type\":\"ListItem\",\"position\":1,\"name\":\"Produtos\",\"item\":\"https:\\\/\\\/www.brilholux.com.br\\\/shop\\\/\"},{\"@type\":\"ListItem\",\"position\":2,\"name\":\"Soquete Para L\u00e2mpada T8 &#8211; 120cm\"}]},{\"@type\":\"WebSite\",\"@id\":\"https:\\\/\\\/www.brilholux.com.br\\\/#website\",\"url\":\"https:\\\/\\\/www.brilholux.com.br\\\/\",\"name\":\"BrilhoLux\",\"description\":\"Luz Que Transforma\",\"publisher\":{\"@id\":\"https:\\\/\\\/www.brilholux.com.br\\\/#organization\"},\"potentialAction\":[{\"@type\":\"SearchAction\",\"target\":{\"@type\":\"EntryPoint\",\"urlTemplate\":\"https:\\\/\\\/www.brilholux.com.br\\\/?s={search_term_string}\"},\"query-input\":{\"@type\":\"PropertyValueSpecification\",\"valueRequired\":true,\"valueName\":\"search_term_string\"}}],\"inLanguage\":\"en-US\"},{\"@type\":\"Organization\",\"@id\":\"https:\\\/\\\/www.brilholux.com.br\\\/#organization\",\"name\":\"BrilhoLux\",\"url\":\"https:\\\/\\\/www.brilholux.com.br\\\/\",\"logo\":{\"@type\":\"ImageObject\",\"inLanguage\":\"en-US\",\"@id\":\"https:\\\/\\\/www.brilholux.com.br\\\/#\\\/schema\\\/logo\\\/image\\\/\",\"url\":\"https:\\\/\\\/www.brilholux.com.br\\\/wp-content\\\/uploads\\\/2025\\\/05\\\/cropped-LOGO_AMARELO_SEM-FUNDO.png\",\"contentUrl\":\"https:\\\/\\\/www.brilholux.com.br\\\/wp-content\\\/uploads\\\/2025\\\/05\\\/cropped-LOGO_AMARELO_SEM-FUNDO.png\",\"width\":721,\"height\":289,\"caption\":\"BrilhoLux\"},\"image\":{\"@id\":\"https:\\\/\\\/www.brilholux.com.br\\\/#\\\/schema\\\/logo\\\/image\\\/\"}}]}<\/script>\n<!-- \/ Yoast SEO plugin. -->","yoast_head_json":{"title":"Soquete Led Para L\u00e2mpada T8 - 120cm - BrilhoLux","description":"Descubra a efici\u00eancia e versatilidade do Soquete LED T8 120cm. Ilumine seus ambientes com tecnologia moderna e sustent\u00e1vel. Adquira j\u00e1 na BrilhoLux!","robots":{"index":"index","follow":"follow","max-snippet":"max-snippet:-1","max-image-preview":"max-image-preview:large","max-video-preview":"max-video-preview:-1"},"canonical":"https:\/\/www.brilholux.com.br\/en\/produtos\/soquete-para-lampada-t8-120cm\/","og_locale":"en_US","og_type":"article","og_title":"Soquete Led Para L\u00e2mpada T8 - 120cm - BrilhoLux","og_description":"Descubra a efici\u00eancia e versatilidade do Soquete LED T8 120cm. Ilumine seus ambientes com tecnologia moderna e sustent\u00e1vel. Adquira j\u00e1 na BrilhoLux!","og_url":"https:\/\/www.brilholux.com.br\/en\/produtos\/soquete-para-lampada-t8-120cm\/","og_site_name":"BrilhoLux","article_modified_time":"2025-07-03T05:14:43+00:00","og_image":[{"width":870,"height":1131,"url":"https:\/\/www.brilholux.com.br\/wp-content\/uploads\/2024\/02\/Soquete-Para-Lampada-T8-120cm-2.jpg","type":"image\/jpeg"}],"twitter_card":"summary_large_image","twitter_misc":{"Est. reading time":"2 minutes"},"schema":{"@context":"https:\/\/schema.org","@graph":[{"@type":"WebPage","@id":"https:\/\/www.brilholux.com.br\/produtos\/soquete-para-lampada-t8-120cm\/","url":"https:\/\/www.brilholux.com.br\/produtos\/soquete-para-lampada-t8-120cm\/","name":"Soquete Led Para L\u00e2mpada T8 - 120cm - BrilhoLux","isPartOf":{"@id":"https:\/\/www.brilholux.com.br\/#website"},"primaryImageOfPage":{"@id":"https:\/\/www.brilholux.com.br\/produtos\/soquete-para-lampada-t8-120cm\/#primaryimage"},"image":{"@id":"https:\/\/www.brilholux.com.br\/produtos\/soquete-para-lampada-t8-120cm\/#primaryimage"},"thumbnailUrl":"https:\/\/www.brilholux.com.br\/wp-content\/uploads\/2024\/02\/Soquete-Para-Lampada-T8-120cm-2.jpg","datePublished":"2024-02-22T23:50:42+00:00","dateModified":"2025-07-03T05:14:43+00:00","description":"Descubra a efici\u00eancia e versatilidade do Soquete LED T8 120cm. Ilumine seus ambientes com tecnologia moderna e sustent\u00e1vel. Adquira j\u00e1 na BrilhoLux!","breadcrumb":{"@id":"https:\/\/www.brilholux.com.br\/produtos\/soquete-para-lampada-t8-120cm\/#breadcrumb"},"inLanguage":"en-US","potentialAction":[{"@type":"ReadAction","target":["https:\/\/www.brilholux.com.br\/produtos\/soquete-para-lampada-t8-120cm\/"]}]},{"@type":"ImageObject","inLanguage":"en-US","@id":"https:\/\/www.brilholux.com.br\/produtos\/soquete-para-lampada-t8-120cm\/#primaryimage","url":"https:\/\/www.brilholux.com.br\/wp-content\/uploads\/2024\/02\/Soquete-Para-Lampada-T8-120cm-2.jpg","contentUrl":"https:\/\/www.brilholux.com.br\/wp-content\/uploads\/2024\/02\/Soquete-Para-Lampada-T8-120cm-2.jpg","width":870,"height":1131,"caption":"Soquete Para L\u00e2mpada T8 - 120cm"},{"@type":"BreadcrumbList","@id":"https:\/\/www.brilholux.com.br\/produtos\/soquete-para-lampada-t8-120cm\/#breadcrumb","itemListElement":[{"@type":"ListItem","position":1,"name":"Produtos","item":"https:\/\/www.brilholux.com.br\/shop\/"},{"@type":"ListItem","position":2,"name":"Soquete Para L\u00e2mpada T8 &#8211; 120cm"}]},{"@type":"WebSite","@id":"https:\/\/www.brilholux.com.br\/#website","url":"https:\/\/www.brilholux.com.br\/","name":"BrilhoLux","description":"Luz Que Transforma","publisher":{"@id":"https:\/\/www.brilholux.com.br\/#organization"},"potentialAction":[{"@type":"SearchAction","target":{"@type":"EntryPoint","urlTemplate":"https:\/\/www.brilholux.com.br\/?s={search_term_string}"},"query-input":{"@type":"PropertyValueSpecification","valueRequired":true,"valueName":"search_term_string"}}],"inLanguage":"en-US"},{"@type":"Organization","@id":"https:\/\/www.brilholux.com.br\/#organization","name":"BrilhoLux","url":"https:\/\/www.brilholux.com.br\/","logo":{"@type":"ImageObject","inLanguage":"en-US","@id":"https:\/\/www.brilholux.com.br\/#\/schema\/logo\/image\/","url":"https:\/\/www.brilholux.com.br\/wp-content\/uploads\/2025\/05\/cropped-LOGO_AMARELO_SEM-FUNDO.png","contentUrl":"https:\/\/www.brilholux.com.br\/wp-content\/uploads\/2025\/05\/cropped-LOGO_AMARELO_SEM-FUNDO.png","width":721,"height":289,"caption":"BrilhoLux"},"image":{"@id":"https:\/\/www.brilholux.com.br\/#\/schema\/logo\/image\/"}}]}},"_links":{"self":[{"href":"https:\/\/www.brilholux.com.br\/en\/wp-json\/wp\/v2\/product\/23188","targetHints":{"allow":["GET"]}}],"collection":[{"href":"https:\/\/www.brilholux.com.br\/en\/wp-json\/wp\/v2\/product"}],"about":[{"href":"https:\/\/www.brilholux.com.br\/en\/wp-json\/wp\/v2\/types\/product"}],"replies":[{"embeddable":true,"href":"https:\/\/www.brilholux.com.br\/en\/wp-json\/wp\/v2\/comments?post=23188"}],"version-history":[{"count":0,"href":"https:\/\/www.brilholux.com.br\/en\/wp-json\/wp\/v2\/product\/23188\/revisions"}],"wp:featuredmedia":[{"embeddable":true,"href":"https:\/\/www.brilholux.com.br\/en\/wp-json\/wp\/v2\/media\/23190"}],"wp:attachment":[{"href":"https:\/\/www.brilholux.com.br\/en\/wp-json\/wp\/v2\/media?parent=23188"}],"wp:term":[{"taxonomy":"product_brand","embeddable":true,"href":"https:\/\/www.brilholux.com.br\/en\/wp-json\/wp\/v2\/product_brand?post=23188"},{"taxonomy":"product_cat","embeddable":true,"href":"https:\/\/www.brilholux.com.br\/en\/wp-json\/wp\/v2\/product_cat?post=23188"},{"taxonomy":"product_tag","embeddable":true,"href":"https:\/\/www.brilholux.com.br\/en\/wp-json\/wp\/v2\/product_tag?post=23188"}],"curies":[{"name":"wp","href":"https:\/\/api.w.org\/{rel}","templated":true}]}}